{"id":592,"date":"2020-08-03T12:24:51","date_gmt":"2020-08-03T10:24:51","guid":{"rendered":"https:\/\/arttrade.biz.pl\/sklep\/?post_type=product&#038;p=592"},"modified":"2023-11-29T10:42:22","modified_gmt":"2023-11-29T09:42:22","slug":"wspornik-dystansowy-kamery-250mm-0402270","status":"publish","type":"product","link":"https:\/\/arttrade.biz.pl\/sklep\/produkt\/wspornik-dystansowy-kamery-250mm-0402270\/","title":{"rendered":"Wspornik dystansowy kamery (250mm) 0402270"},"content":{"rendered":"<p>Firma Orlaco specjalizuje si\u0119 w produkcji profesjonalnych system\u00f3w wizyjnych przeznaczonych do w\u00f3zk\u00f3w wid\u0142owych; szeroko poj\u0119tych ci\u0119\u017ckich urz\u0105dze\u0144, pojazd\u00f3w u\u017cytkowych, d\u017awig\u00f3w, ci\u0119\u017car\u00f3wek, aplikacji morskich, pojazd\u00f3w ratunkowych, aplikacji kolejowych, pojazd\u00f3w komunalnych i pojazd\u00f3w lotniczych. Na ca\u0142ym \u015bwiecie Orlaco poszerza horyzonty kierowc\u00f3w, operator\u00f3w, kapitan\u00f3w i maszynist\u00f3w, a tym samym zwi\u0119ksza bezpiecze\u0144stwo, wydajno\u015b\u0107 i komfort ich pracy.<\/p>\n<p>Orlaco to ponad 25-letnie do\u015bwiadczenie w projektowaniu i rozwijaniu certyfikowanych rozwi\u0105za\u0144 wizualnych eliminuj\u0105cych martwe punkty w pojazdach, maszynach i statkach. Firma Produkuje ponad 120 000 kamer z czego oko\u0142o 70 procent produkt\u00f3w dostarczanych jest bezpo\u015brednio jako fabryczne wyposa\u017cenie do najwi\u0119kszych producent\u00f3w maszyn i urz\u0105dze\u0144 z ca\u0142ego \u015bwiata.<\/p>\n<p>Orlaco jest wiod\u0105cym specjalist\u0105 profesjonalnych system\u00f3w wizyjnych dla producent\u00f3w OEM na ca\u0142ym \u015bwiecie.<\/p>\n","protected":false},"excerpt":{"rendered":"<p><strong>Specyfikacja Techniczna:<\/strong><\/p>\n<ul>\n<li><strong>Zaprojektowany:<\/strong> dla uk\u0142adu otwor\u00f3w we wsporniku aparatu kompaktowego Orlaco<\/li>\n<li><b>D\u0142ugo\u015b\u0107:<\/b> 250mm<\/li>\n<li><b>Waga:<\/b> 1,2kg<\/li>\n<li><b>Temperatura pracy:<\/b> -40 do + 85\u00baC<\/li>\n<li><b>Materia\u0142:<\/b> Stal nierdzewna.<\/li>\n<li><b>W zestawie elementy monta\u017cowe:<\/b>\u00a04 x podk\u0142adka, 2 x nakr\u0119tka sze\u015bciok\u0105tna z wk\u0142adkami z tworzywa sztucznego, 2 x \u015bruba z \u0142bem sze\u015bciok\u0105tnym M8 x 25 Sst DIN 933.<\/li>\n<\/ul>\n","protected":false},"featured_media":593,"template":"","meta":{"site-sidebar-layout":"default","site-content-layout":"default","ast-site-content-layout":"default","site-content-style":"default","site-sidebar-style":"default","ast-global-header-display":"","ast-banner-title-visibility":"","ast-main-header-display":"","ast-hfb-above-header-display":"","ast-hfb-below-header-display":"","ast-hfb-mobile-header-display":"","site-post-title":"","ast-breadcrumbs-content":"","ast-featured-img":"","footer-sml-layout":"","ast-disable-related-posts":"","theme-transparent-header-meta":"default","adv-header-id-meta":"","stick-header-meta":"","header-above-stick-meta":"","header-main-stick-meta":"","header-below-stick-meta":"","astra-migrate-meta-layouts":"default","ast-page-background-enabled":"default","ast-page-background-meta":{"desktop":{"background-color":"","background-image":"","background-repeat":"repeat","background-position":"center center","background-size":"auto","background-attachment":"scroll","background-type":"","background-media":"","overlay-type":"","overlay-color":"","overlay-opacity":"","overlay-gradient":""},"tablet":{"background-color":"","background-image":"","background-repeat":"repeat","background-position":"center center","background-size":"auto","background-attachment":"scroll","background-type":"","background-media":"","overlay-type":"","overlay-color":"","overlay-opacity":"","overlay-gradient":""},"mobile":{"background-color":"","background-image":"","background-repeat":"repeat","background-position":"center center","background-size":"auto","background-attachment":"scroll","background-type":"","background-media":"","overlay-type":"","overlay-color":"","overlay-opacity":"","overlay-gradient":""}},"ast-content-background-meta":{"desktop":{"background-color":"var(--ast-global-color-5)","background-image":"","background-repeat":"repeat","background-position":"center center","background-size":"auto","background-attachment":"scroll","background-type":"","background-media":"","overlay-type":"","overlay-color":"","overlay-opacity":"","overlay-gradient":""},"tablet":{"background-color":"var(--ast-global-color-5)","background-image":"","background-repeat":"repeat","background-position":"center center","background-size":"auto","background-attachment":"scroll","background-type":"","background-media":"","overlay-type":"","overlay-color":"","overlay-opacity":"","overlay-gradient":""},"mobile":{"background-color":"var(--ast-global-color-5)","background-image":"","background-repeat":"repeat","background-position":"center center","background-size":"auto","background-attachment":"scroll","background-type":"","background-media":"","overlay-type":"","overlay-color":"","overlay-opacity":"","overlay-gradient":""}}},"product_brand":[],"product_cat":[51],"product_tag":[],"yst_prominent_words":[161,181,182,158,160,188,183,179,178,187,184,180,186,185],"class_list":{"0":"post-592","1":"product","2":"type-product","3":"status-publish","4":"has-post-thumbnail","6":"product_cat-akcesoria-do-kamer","7":"desktop-align-left","8":"tablet-align-left","9":"mobile-align-left","11":"first","12":"onbackorder","13":"taxable","14":"shipping-taxable","15":"purchasable","16":"product-type-simple"},"_links":{"self":[{"href":"https:\/\/arttrade.biz.pl\/sklep\/wp-json\/wp\/v2\/product\/592","targetHints":{"allow":["GET"]}}],"collection":[{"href":"https:\/\/arttrade.biz.pl\/sklep\/wp-json\/wp\/v2\/product"}],"about":[{"href":"https:\/\/arttrade.biz.pl\/sklep\/wp-json\/wp\/v2\/types\/product"}],"wp:featuredmedia":[{"embeddable":true,"href":"https:\/\/arttrade.biz.pl\/sklep\/wp-json\/wp\/v2\/media\/593"}],"wp:attachment":[{"href":"https:\/\/arttrade.biz.pl\/sklep\/wp-json\/wp\/v2\/media?parent=592"}],"wp:term":[{"taxonomy":"product_brand","embeddable":true,"href":"https:\/\/arttrade.biz.pl\/sklep\/wp-json\/wp\/v2\/product_brand?post=592"},{"taxonomy":"product_cat","embeddable":true,"href":"https:\/\/arttrade.biz.pl\/sklep\/wp-json\/wp\/v2\/product_cat?post=592"},{"taxonomy":"product_tag","embeddable":true,"href":"https:\/\/arttrade.biz.pl\/sklep\/wp-json\/wp\/v2\/product_tag?post=592"},{"taxonomy":"yst_prominent_words","embeddable":true,"href":"https:\/\/arttrade.biz.pl\/sklep\/wp-json\/wp\/v2\/yst_prominent_words?post=592"}],"curies":[{"name":"wp","href":"https:\/\/api.w.org\/{rel}","templated":true}]}}