{"id":268,"date":"2020-05-17T16:16:46","date_gmt":"2020-05-17T14:16:46","guid":{"rendered":"https:\/\/arttrade.biz.pl\/sklep\/produkt\/import-placeholder-for-23\/"},"modified":"2025-01-28T12:07:08","modified_gmt":"2025-01-28T11:07:08","slug":"prostownik-fronius-acctiva-easy-model-12-24-napiecie-ladowania-12-v-24-v-prad-ladowania-4-a-25-a","status":"publish","type":"product","link":"https:\/\/arttrade.biz.pl\/sklep\/produkt\/prostownik-fronius-acctiva-easy-model-12-24-napiecie-ladowania-12-v-24-v-prad-ladowania-4-a-25-a\/","title":{"rendered":"Prostownik FRONIUS ACCTIVA Easy Model 12\/24   NAPI\u0118CIE \u0141ADOWANIA 12 V \/ 24 V PR\u0104D \u0141ADOWANIA 4 A \/2,5 A"},"content":{"rendered":"<ul>\n<li>Doskonale nadaje si\u0119 do \u0142adowania wzgl. konwencjonalnych akumulator\u00f3w kwasowo-o\u0142owiowych, o\u0142owiowo-wapniowych\/srebrowych lub w\u0142\u00f3kninowych (AGM, MF) oraz bezobs\u0142ugowych akumulator\u00f3w o\u0142owiowo-\u017celowych.<\/li>\n<li>Idealny do podtrzymywania stanu na\u0142adowania akumulatora podczas d\u0142u\u017cszych postoj\u00f3w, przestoj\u00f3w pojazdu czy urz\u0105dzenia<\/li>\n<li>Wyposa\u017cony we wska\u017anik stanu na\u0142adowania akumulatora w postaci wykresu s\u0142upkowego na wy\u015bwietlaczu LCD<\/li>\n<li>Urz\u0105dzenie umo\u017cliwia \u0142adowanie ca\u0142kowicie roz\u0142adowanych akumulator\u00f3w<\/li>\n<li>Niewielkie rozmiary dzi\u0119ki elektronicznemu uk\u0142adowi mocy z taktowanym obwodem pierwotnym<\/li>\n<li>Za po\u015brednictwem specjalnego kabla akumulator mo\u017cna \u0142adowa\u0107 z gniazda zapalniczki<\/li>\n<li>Zastosowanie technologii Active Inverter Technology \u200b<\/li>\n<li>Ustawianie napi\u0119cia akumulatora nast\u0119puje przez zmian\u0119 pozycji prze\u0142\u0105cznika wyboru znajduj\u0105cego si\u0119 po przeciwnej stronie przy\u0142\u0105cza przewod\u00f3w \u0142adowania: pozycja A prze\u0142\u0105cznika: 24 V , pozycja B prze\u0142\u0105cznika: 12 V &#8211; widok prze\u0142\u0105cznika na zdj\u0119ciach poni\u017cej<\/li>\n<\/ul>\n","protected":false},"excerpt":{"rendered":"<p><b>Dane techniczne:<\/b><\/p>\n<ul>\n<li>ACCTIVA Easy model 12\/24<\/li>\n<li>Napi\u0119cie znamionowe \u0142adowania: 12 V \/ 24 V<\/li>\n<li>Pr\u0105d \u0142adowania: 12 V: 4 A \/ 24V: 2,5 A<\/li>\n<li>Pojemno\u015b\u0107 akumulatora: 12 V:2 &#8211; 135 Ah \/ 24 V:1,5 &#8211; 90 Ah<\/li>\n<li>Napi\u0119cie sieciowe: 230 V<\/li>\n<li>Charakterystyka \u0142adowania: IUoU<\/li>\n<li>Znak atestu: CE \/ T\u00dcV North America \/ T\u00dcV PSE (Japan) \/ T\u00dcV NSW (Australien)<\/li>\n<li>Kabel do \u0142adowania akumulatora z zaciskami o d\u0142ugo\u015bci: 1,95 m<\/li>\n<li>Wymiary: 119 x 72 x 52 mm (L x W x H)<\/li>\n<li>Masa: 250 g<\/li>\n<li>Napi\u0119cie ko\u0144cowe \u0142adowania (w zale\u017cno\u015bci od charakterystyki): 12 V: 13,5 &#8211; 14,4 V<\/li>\n<li>24 V: 27 &#8211; 28,8 V<\/li>\n<\/ul>\n","protected":false},"featured_media":313,"template":"","meta":{"site-sidebar-layout":"default","site-content-layout":"default","ast-site-content-layout":"default","site-content-style":"default","site-sidebar-style":"default","ast-global-header-display":"","ast-banner-title-visibility":"","ast-main-header-display":"","ast-hfb-above-header-display":"","ast-hfb-below-header-display":"","ast-hfb-mobile-header-display":"","site-post-title":"","ast-breadcrumbs-content":"","ast-featured-img":"","footer-sml-layout":"","ast-disable-related-posts":"","theme-transparent-header-meta":"default","adv-header-id-meta":"","stick-header-meta":"","header-above-stick-meta":"","header-main-stick-meta":"","header-below-stick-meta":"","astra-migrate-meta-layouts":"default","ast-page-background-enabled":"default","ast-page-background-meta":{"desktop":{"background-color":"","background-image":"","background-repeat":"repeat","background-position":"center center","background-size":"auto","background-attachment":"scroll","background-type":"","background-media":"","overlay-type":"","overlay-color":"","overlay-opacity":"","overlay-gradient":""},"tablet":{"background-color":"","background-image":"","background-repeat":"repeat","background-position":"center center","background-size":"auto","background-attachment":"scroll","background-type":"","background-media":"","overlay-type":"","overlay-color":"","overlay-opacity":"","overlay-gradient":""},"mobile":{"background-color":"","background-image":"","background-repeat":"repeat","background-position":"center center","background-size":"auto","background-attachment":"scroll","background-type":"","background-media":"","overlay-type":"","overlay-color":"","overlay-opacity":"","overlay-gradient":""}},"ast-content-background-meta":{"desktop":{"background-color":"var(--ast-global-color-5)","background-image":"","background-repeat":"repeat","background-position":"center center","background-size":"auto","background-attachment":"scroll","background-type":"","background-media":"","overlay-type":"","overlay-color":"","overlay-opacity":"","overlay-gradient":""},"tablet":{"background-color":"var(--ast-global-color-5)","background-image":"","background-repeat":"repeat","background-position":"center center","background-size":"auto","background-attachment":"scroll","background-type":"","background-media":"","overlay-type":"","overlay-color":"","overlay-opacity":"","overlay-gradient":""},"mobile":{"background-color":"var(--ast-global-color-5)","background-image":"","background-repeat":"repeat","background-position":"center center","background-size":"auto","background-attachment":"scroll","background-type":"","background-media":"","overlay-type":"","overlay-color":"","overlay-opacity":"","overlay-gradient":""}}},"product_brand":[],"product_cat":[44],"product_tag":[],"yst_prominent_words":[226,221,243,258,255,259,256,257,254,253],"class_list":{"0":"post-268","1":"product","2":"type-product","3":"status-publish","4":"has-post-thumbnail","6":"product_cat-systemy-ladowania-akumulatorow-rozruchowych","7":"desktop-align-left","8":"tablet-align-left","9":"mobile-align-left","11":"first","12":"onbackorder","13":"taxable","14":"shipping-taxable","15":"purchasable","16":"product-type-simple"},"_links":{"self":[{"href":"https:\/\/arttrade.biz.pl\/sklep\/wp-json\/wp\/v2\/product\/268","targetHints":{"allow":["GET"]}}],"collection":[{"href":"https:\/\/arttrade.biz.pl\/sklep\/wp-json\/wp\/v2\/product"}],"about":[{"href":"https:\/\/arttrade.biz.pl\/sklep\/wp-json\/wp\/v2\/types\/product"}],"wp:featuredmedia":[{"embeddable":true,"href":"https:\/\/arttrade.biz.pl\/sklep\/wp-json\/wp\/v2\/media\/313"}],"wp:attachment":[{"href":"https:\/\/arttrade.biz.pl\/sklep\/wp-json\/wp\/v2\/media?parent=268"}],"wp:term":[{"taxonomy":"product_brand","embeddable":true,"href":"https:\/\/arttrade.biz.pl\/sklep\/wp-json\/wp\/v2\/product_brand?post=268"},{"taxonomy":"product_cat","embeddable":true,"href":"https:\/\/arttrade.biz.pl\/sklep\/wp-json\/wp\/v2\/product_cat?post=268"},{"taxonomy":"product_tag","embeddable":true,"href":"https:\/\/arttrade.biz.pl\/sklep\/wp-json\/wp\/v2\/product_tag?post=268"},{"taxonomy":"yst_prominent_words","embeddable":true,"href":"https:\/\/arttrade.biz.pl\/sklep\/wp-json\/wp\/v2\/yst_prominent_words?post=268"}],"curies":[{"name":"wp","href":"https:\/\/api.w.org\/{rel}","templated":true}]}}