{"id":468,"date":"2020-05-25T08:33:56","date_gmt":"2020-05-25T06:33:56","guid":{"rendered":"https:\/\/arttrade.biz.pl\/sklep\/?page_id=468"},"modified":"2025-04-11T14:30:52","modified_gmt":"2025-04-11T12:30:52","slug":"regulamin","status":"publish","type":"page","link":"https:\/\/arttrade.biz.pl\/sklep\/regulamin\/","title":{"rendered":"Regulamin"},"content":{"rendered":"\t\t<div data-elementor-type=\"wp-page\" data-elementor-id=\"468\" class=\"elementor elementor-468\">\n\t\t\t\t\t\t<section class=\"elementor-section elementor-top-section elementor-element elementor-element-d45c0fe elementor-section-boxed elementor-section-height-default elementor-section-height-default\" data-id=\"d45c0fe\" data-element_type=\"section\" data-e-type=\"section\" data-settings=\"{&quot;jet_parallax_layout_list&quot;:[]}\">\n\t\t\t\t\t\t<div class=\"elementor-container elementor-column-gap-default\">\n\t\t\t\t\t<div class=\"elementor-column elementor-col-100 elementor-top-column elementor-element elementor-element-8962be8\" data-id=\"8962be8\" data-element_type=\"column\" data-e-type=\"column\">\n\t\t\t<div class=\"elementor-widget-wrap elementor-element-populated\">\n\t\t\t\t\t\t<div class=\"elementor-element elementor-element-04b4772 elementor-widget elementor-widget-text-editor\" data-id=\"04b4772\" data-element_type=\"widget\" data-e-type=\"widget\" data-widget_type=\"text-editor.default\">\n\t\t\t\t<div class=\"elementor-widget-container\">\n\t\t\t\t\t\t\t\t\t<p align=\"center\"><b>REGULAMIN<\/b><\/p>\n<p align=\"center\">\u00a71<\/p>\n<p align=\"center\"><b>Okre\u015blenie Sprzedawcy<\/b><\/p>\n<p>1. Sprzedawc\u0105 w Sklepie w sklepie dost\u0119pnym w domenie&nbsp;<span lang=\"zxx\" xml:lang=\"zxx\"><a href=\"https:\/\/arttrade.biz.pl\/sklep\">arttrade.biz.pl\/sklep<\/a><\/span>&nbsp;jest:<br>Art-Trade Marlena Fluder<br>z siedzib\u0105 przy ul. Orzechowa 24, 63-400 Ostr\u00f3w Wlkp<br><span lang=\"en-us\" xml:lang=\"en-us\">NIP:<\/span><span lang=\"en-us\" xml:lang=\"en-us\">&nbsp;<\/span><span lang=\"en-us\" xml:lang=\"en-us\">6221206513<br><\/span><span lang=\"en-us\" xml:lang=\"en-us\">REGON:&nbsp;<\/span><span lang=\"en-us\" xml:lang=\"en-us\">301118958<br><\/span><span lang=\"en-us\" xml:lang=\"en-us\">Tel. +<\/span><span lang=\"en-us\" xml:lang=\"en-us\">48 722167976<br><\/span>E-mail: biuro@arttrade.biz.pl<\/p>\n<p lang=\"en-us\" xml:lang=\"en-us\" align=\"center\">\u00a72<\/p>\n<p align=\"center\"><b>Postanowienia og\u00f3lne<\/b><\/p>\n<p align=\"justify\">1. Sprzedawc\u0105 w Sklepie Art-Trade Marlena Fluder [dalej Sklep] prowadzi sprzeda\u017c detaliczn\u0105 za po\u015brednictwem domeny&nbsp;<span lang=\"zxx\" xml:lang=\"zxx\"><a href=\"http:\/\/arttrade.biz.pl\/sklep\/\">http:\/\/arttrade.biz.pl\/sklep<\/a><\/span>&nbsp;na podstawie niniejszego Regulaminu [dalej Regulamin].<\/p>\n<p align=\"justify\">2. Klientem [dalej Klient] mo\u017ce by\u0107:<\/p>\n<ul>\n<li>\n<p align=\"justify\">pe\u0142noletnia osoba fizyczna posiadaj\u0105ca pe\u0142n\u0105 zdolno\u015b\u0107 do czynno\u015bci prawnych zamieszka\u0142a w Polsce lub na terenie Unii Europejskiej,<\/p>\n<\/li>\n<li>\n<p align=\"justify\">pe\u0142noletnia osoba fizyczna prowadz\u0105ca dzia\u0142alno\u015b\u0107 gospodarcz\u0105 z siedzib\u0105 w Polsce lub na terenie Unii Europejskiej,<\/p>\n<\/li>\n<li>\n<p align=\"justify\">osoba prawna lub jednostka organizacyjna nieposiadaj\u0105ca osobowo\u015bci prawnej, kt\u00f3rej ustawa przyznaje zdolno\u015b\u0107 prawn\u0105, z siedzib\u0105 w Polsce lub na terenie Unii Europejskiej, kt\u00f3ra jest uprawniona do podejmowania decyzji, oraz zaci\u0105gania zobowi\u0105za\u0144 w imieniu podmiotu,<\/p>\n<\/li>\n<li>\n<p align=\"justify\">osoba ma\u0142oletnia dzia\u0142aj\u0105ca za zgod\u0105 rodzica lub opiekuna prawnego.<\/p>\n<\/li>\n<\/ul>\n<p align=\"justify\">4. Regulamin jest integraln\u0105 cz\u0119\u015bci\u0105 umowy sprzeda\u017cy zawieranej z Klientem.<\/p>\n<p align=\"justify\">5. Ceny podane w Sklepie s\u0105 cenami brutto (zawieraj\u0105 podatek VAT).<\/p>\n<p align=\"justify\">6. Towary dost\u0119pne w Sklepie s\u0105 nowe i s\u0105 wolne od wad fizycznych i prawnych. Odpowiedzialno\u015b\u0107 za wady okre\u015blona jest przez obowi\u0105zuj\u0105ce przepisy prawa, w szczeg\u00f3lno\u015bci art. 12 ust 1 pkt 13 ustawy o prawach konsumenta (Dz.U. 2014 poz. 827 z p\u00f3\u017aniejszymi zmianami), art 556 oraz 556<sup>1<\/sup>-556<sup>3<\/sup>&nbsp;Kodeksu Cywilnego (Dz.U. 1964 nr 16 poz. 93 z p\u00f3\u017aniejszymi zmianami).<\/p>\n<p align=\"center\">\u00a73<\/p>\n<p align=\"center\"><b>Zam\u00f3wienia<\/b><\/p>\n<p align=\"justify\">1. Zam\u00f3wienia mo\u017cna sk\u0142ada\u0107 poprzez wype\u0142nienie odpowiednich formularzy interaktywnych dost\u0119pnych w ramach serwisu http:\/\/sklep.arttrade.biz.pl<\/p>\n<p align=\"justify\">2. Dla stron wi\u0105\u017c\u0105ce s\u0105 informacje widoczne przy kupowanym towarze w momencie z\u0142o\u017cenia zam\u00f3wienia. Dotyczy to w szczeg\u00f3lno\u015bci: ceny, charakterystyki towaru, jego cech, element\u00f3w wchodz\u0105cych w sk\u0142ad zestawu, termin\u00f3w i sposobu dostawy.<\/p>\n<p align=\"justify\">3. Sklep odpowiada przed Klientem na podstawie prawa r\u0119kojmi, regulowanego przez Kodeks Cywilny z dnia 23 kwietnia 1964 r. (Dz.U. nr 16, poz. 93 ze zm.) przez okres 24 miesi\u0119cy. Dok\u0142adny opis procedury reklamacyjnej znajduje si\u0119 w \u00a76 niniejszego regulaminu.<\/p>\n<p align=\"center\">\u00a74<\/p>\n<p align=\"center\"><b>P\u0142atno\u015bci<\/b><\/p>\n<p align=\"justify\">1. Klient ma do wyboru formy p\u0142atno\u015bci podane w zak\u0142adce Dostawa i p\u0142atno\u015b\u0107 przy okre\u015blonym produkcie.<\/p>\n<p align=\"justify\">2. Nale\u017cno\u015b\u0107 powinna zosta\u0107 uregulowana w ci\u0105gu 7 dni roboczych od momentu potwierdzenia zam\u00f3wienia przez Sklep. W przeciwnym wypadku Sklep mo\u017ce anulowa\u0107 zam\u00f3wienie.<\/p>\n<p align=\"center\">\u00a75<\/p>\n<p align=\"center\"><b>Wysy\u0142ka towaru<\/b><\/p>\n<p align=\"justify\">1. Klient ma do wyboru formy dostawy podane w zak\u0142adce Dostawa i p\u0142atno\u015b\u0107 przy okre\u015blonym produkcie.<\/p>\n<p align=\"center\">\u00a76<\/p>\n<p align=\"center\"><b>Reklamacje<\/b><\/p>\n<p align=\"justify\">1. W przypadku niezgodno\u015bci towaru z umow\u0105, Klient powinien odes\u0142a\u0107 do Sklepu reklamowany towar wraz z opisem niezgodno\u015bci. Koszty wysy\u0142ki pokrywa Klient. Adres, pod kt\u00f3ry Klient winien odes\u0142a\u0107 towar:<\/p>\n<p align=\"center\"><i>Art-Trade Marlena Fluder<\/i><\/p>\n<p align=\"center\"><i>Orzechowa 24<\/i><\/p>\n<p align=\"center\"><i>63-400 Ostr\u00f3w Wlkp.<\/i><\/p>\n<p>2. Sklep ustosunkowuje si\u0119 do reklamacji Klienta w terminie 14 dni od momentu zwrotu towaru wraz z opisem niezgodno\u015bci.<\/p>\n<p align=\"justify\">3. Ka\u017cdy Klient mo\u017ce skorzysta\u0107 z pozas\u0105dowych sposob\u00f3w rozpatrywania reklamacji i dochodzenia roszcze\u0144. Rejestr podmiot\u00f3w uprawnionych do pozas\u0105dowego rozpatrywania spor\u00f3w udost\u0119pniony jest na stronie Urz\u0119du Ochrony Konkurencji i Konsument\u00f3w pod adresem&nbsp;<span lang=\"zxx\" xml:lang=\"zxx\"><a href=\"https:\/\/www.uokik.gov.pl\/rejestr_podmiot_uprawnionych.php\">https:\/\/www.uokik.gov.pl\/rejestr_podmiot_uprawnionych.php<\/a><\/span><\/p>\n<p align=\"justify\">4. Wz\u00f3r formularza reklamacyjnego stanowi za\u0142\u0105cznik nr 2 do Regulaminu.<\/p>\n<p align=\"justify\">5. Sklep odpowiada przed Klientem na podstawie prawa r\u0119kojmi, regulowanego przez Kodeks Cywilny z dnia 23 kwietnia 1964 r. (Dz.U. nr 16, poz. 93 ze zm.) przez okres 24 miesi\u0119cy.<\/p>\n<p align=\"justify\">6. Klient w momencie wyst\u0105pienia wady, mo\u017ce za\u017c\u0105da\u0107 od Sklepu (w ramach prawa r\u0119kojmi):<\/p>\n<ul>\n<li>\n<p align=\"justify\">wymiany towaru na nowy;<\/p>\n<\/li>\n<li>\n<p align=\"justify\">naprawy towaru;<\/p>\n<\/li>\n<li>\n<p align=\"justify\">obni\u017cenia ceny;<\/p>\n<\/li>\n<li>\n<p align=\"justify\">odst\u0105pienia od umowy \u2013 o ile wada jest istotna.<\/p>\n<\/li>\n<\/ul>\n<p align=\"justify\">Sklep ustosunkuje si\u0119 do \u017c\u0105da\u0144 Klienta w ci\u0105gu 14 dni od momentu otrzymania \u017c\u0105dania. Sklep rozpatrzy \u017c\u0105dania Klienta, bior\u0105c pod uwag\u0119 nast\u0119puj\u0105ce okoliczno\u015bci:<\/p>\n<ul>\n<li>\n<p align=\"justify\">\u0142atwo\u015b\u0107 i szybko\u015b\u0107 wymiany lub naprawy towaru;<\/p>\n<\/li>\n<li>\n<p align=\"justify\">charakter wady \u2013 istotna czy nieistotna;<\/p>\n<\/li>\n<li>\n<p align=\"justify\">to, czy towar by\u0142 wcze\u015bniej reklamowany.<\/p>\n<\/li>\n<\/ul>\n<p align=\"justify\">7. Sklep mo\u017ce odm\u00f3wi\u0107 \u017c\u0105dania Klienta dotycz\u0105cych wymiany b\u0105d\u017a naprawy towaru pod warunkiem, \u017ce wymiana b\u0105d\u017a naprawa towaru jest niemo\u017cliwa do zrealizowania (np. ze wzgl\u0119du na zaprzestanie produkcji okre\u015blonych cz\u0119\u015bci zamiennych lub ca\u0142ego towaru), lub w por\u00f3wnaniu z drugim z mo\u017cliwych \u017c\u0105da\u0144, wymaga\u0142aby nadmiernych koszt\u00f3w (np. \u017c\u0105danie wymiany ca\u0142ego urz\u0105dzenia na nowe, je\u015bli uszkodzenie dotyczy jednego elementu o niskiej warto\u015bci.). Sklep zaproponuje w takim wypadku alternatywne rozwi\u0105zanie.<\/p>\n<p align=\"justify\">8. Wszelkie spory powsta\u0142e na gruncie Regulaminu lub um\u00f3w sprzeda\u017cy mog\u0105 by\u0107 rozstrzygane przez platform\u0119 internetow\u0105&nbsp;<span lang=\"zxx\" xml:lang=\"zxx\"><a href=\"http:\/\/ec.europa.eu\/consumers\/odr\/\">http:\/\/ec.europa.eu\/consumers\/odr\/<\/a><\/span><\/p>\n<p align=\"center\">\u00a77<\/p>\n<p align=\"center\"><b>Prawo odst\u0105pienia od umowy<\/b><\/p>\n<p align=\"justify\">1. Na podstawie ustawy o prawach konsumenta z dnia 30 maja 2014r., Klient b\u0119d\u0105cy konsumentem ma prawo odst\u0105pienia od umowy bez podawania przyczyny.<\/p>\n<p align=\"justify\">2. Odst\u0105pienie od umowy jest skuteczne, je\u017celi Klient z\u0142o\u017cy w terminie 14 dni od daty dor\u0119czenia towaru, o\u015bwiadczenie o odst\u0105pieniu od umowy. Do zachowania terminu wystarczy z\u0142o\u017cenie o\u015bwiadczenia przed jego up\u0142ywem. Forma z\u0142o\u017cenia o\u015bwiadczenia mo\u017ce by\u0107 dowolna, np.<\/p>\n<ul>\n<li>\n<p align=\"justify\">o\u015bwiadczenie mo\u017cna z\u0142o\u017cy\u0107 na formularzu, kt\u00f3rego wz\u00f3r stanowi za\u0142\u0105cznik do ustawy o prawach konsumenta z dnia 30 maja 2014 r. (stanowi\u0105cy za\u0142\u0105cznik nr 1 do regulaminu),<\/p>\n<\/li>\n<li>\n<p align=\"justify\">drog\u0105 mailow\u0105 na adres podany w paragrafie 1 niniejszego regulaminu<\/p>\n<\/li>\n<li>\n<p align=\"justify\"><span lang=\"en-us\" xml:lang=\"en-us\">listownie na adres<\/span><span lang=\"en-us\" xml:lang=\"en-us\">&nbsp;podany w paragrafie 1 niniejszego regulaminu<\/span><\/p>\n<\/li>\n<\/ul>\n<p align=\"justify\">3. Klient zwraca towar do Sklepu w terminie 14 dni od z\u0142o\u017cenia o\u015bwiadczenia o odst\u0105pieniu od umowy na sw\u00f3j koszt.<\/p>\n<p align=\"justify\">4. Sklep zwraca \u015brodki w terminie 14 dni od dnia otrzymania o\u015bwiadczenia. Sklep mo\u017ce wstrzyma\u0107 si\u0119 ze zwrotem p\u0142atno\u015bci otrzymanych od Klienta do chwili otrzymania rzeczy z powrotem lub dostarczenia przez Klienta dowodu jej odes\u0142ania, w zale\u017cno\u015bci od tego, kt\u00f3re zdarzenie nast\u0105pi wcze\u015bniej.<\/p>\n<p align=\"justify\">5. Sklep zwraca \u015brodki przy u\u017cyciu takiego samego sposobu zap\u0142aty, jakiego pos\u0142u\u017cy\u0142 si\u0119 Klient. W przypadku p\u0142atno\u015bci kart\u0105 p\u0142atnicz\u0105, zwrot \u015brodk\u00f3w dokonywany jest na rachunek karty.<\/p>\n<p align=\"justify\">6. W przypadku, gdy Klient wybra\u0142 inny, ni\u017c najta\u0144szy oferowany przez Sklep, spos\u00f3b dostawy przedmiotu , Sklep nie zwr\u00f3ci Klientowi poniesionych przez niego dodatkowych koszt\u00f3w. Sklep zwr\u00f3ci jedynie koszt najta\u0144szej dostawy danego przedmiotu do Klienta.<\/p>\n<p align=\"justify\">7. Klient pokrywa wszystkie bezpo\u015brednie koszty zwrotu rzeczy (np. koszty opakowania, zabezpieczenia, nadania).<\/p>\n<p align=\"justify\">8. Prawo odst\u0105pienia nie przys\u0142uguje Klientowi w przypadkach um\u00f3w:<\/p>\n<ul>\n<li>\n<p align=\"justify\">w kt\u00f3rej przedmiotem \u015bwiadczenia jest rzecz nieprefabrykowana, wyprodukowana wed\u0142ug specyfikacji Klienta lub s\u0142u\u017c\u0105ca zaspokojeniu jego zindywidualizowanych potrzeb;<\/p>\n<\/li>\n<li>\n<p align=\"justify\">w kt\u00f3rej przedmiotem \u015bwiadczenia jest rzecz dostarczana w zapiecz\u0119towanym opakowaniu, kt\u00f3rej po otwarciu opakowania nie mo\u017cna zwr\u00f3ci\u0107 ze wzgl\u0119du na ochron\u0119 zdrowia lub ze wzgl\u0119d\u00f3w higienicznych, je\u017celi opakowanie zosta\u0142o otwarte po dostarczeniu;<\/p>\n<\/li>\n<li>\n<p align=\"justify\">dostarczanie tre\u015bci cyfrowych, kt\u00f3re nie s\u0105 zapisane na no\u015bniku materialnym, je\u017celi spe\u0142nianie \u015bwiadczenia rozpocz\u0119\u0142o si\u0119 za wyra\u017an\u0105 zgod\u0105 Klienta przed up\u0142ywem terminu do odst\u0105pienia od umowy i po poinformowaniu go przez Sklep o utracie prawa odst\u0105pienia od umowy;<\/p>\n<\/li>\n<li>\n<p align=\"justify\">w kt\u00f3rej przedmiotem \u015bwiadczenia jest rzecz ulegaj\u0105ca szybkiemu zepsuciu lub maj\u0105ca kr\u00f3tki termin przydatno\u015bci do u\u017cycia;<\/p>\n<\/li>\n<li>\n<p align=\"justify\">w kt\u00f3rej przedmiotem \u015bwiadczenia s\u0105 nagrania d\u017awi\u0119kowe lub wizualne albo programy komputerowe dostarczane w zapiecz\u0119towanym opakowaniu, je\u017celi opakowanie zosta\u0142o otwarte po dostarczeniu;<\/p>\n<\/li>\n<li>\n<p align=\"justify\">o \u015bwiadczeniu us\u0142ug, je\u017celi Sklep wykona\u0142 w pe\u0142ni us\u0142ug\u0119 za wyra\u017an\u0105 zgod\u0105 Klienta, kt\u00f3ry zosta\u0142 poinformowany przed rozpocz\u0119ciem \u015bwiadczenia, \u017ce po spe\u0142nieniu \u015bwiadczenia przez Sklep utraci prawo odst\u0105pienia od umowy;<\/p>\n<\/li>\n<\/ul>\n<ul>\n<li>\n<p align=\"justify\">w kt\u00f3rej cena lub wynagrodzenie zale\u017cy od waha\u0144 na rynku finansowym, nad kt\u00f3rymi Sklep nie sprawuje kontroli i kt\u00f3re mog\u0105 wyst\u0105pi\u0107 przed up\u0142ywem terminu do odst\u0105pienia od umowy;<\/p>\n<\/li>\n<li>\n<p align=\"justify\">w kt\u00f3rej przedmiotem \u015bwiadczenia s\u0105 rzeczy, kt\u00f3re po dostarczeniu, ze wzgl\u0119du na sw\u00f3j charakter, zostaj\u0105 nieroz\u0142\u0105cznie po\u0142\u0105czone z innymi rzeczami;<\/p>\n<\/li>\n<li>\n<p align=\"justify\">w kt\u00f3rej przedmiotem \u015bwiadczenia s\u0105 napoje alkoholowe, kt\u00f3rych cena zosta\u0142a uzgodniona przy zawarciu umowy sprzeda\u017cy, a kt\u00f3rych dostarczenie mo\u017ce nast\u0105pi\u0107 dopiero po up\u0142ywie 30 dni i kt\u00f3rych warto\u015b\u0107 zale\u017cy od waha\u0144 na rynku, nad kt\u00f3rymi przedsi\u0119biorca nie ma kontroli;<\/p>\n<\/li>\n<li>\n<p align=\"justify\">w kt\u00f3rej Klient wyra\u017anie \u017c\u0105da\u0142, aby Sklep przys\u0142a\u0142 do niego przedstawiciela w celu dokonania pilnej naprawy lub konserwacji (je\u017celi Sklep \u015bwiadczy dodatkowo inne us\u0142ugi ni\u017c te, kt\u00f3rych wykonania Klient \u017c\u0105da\u0142, lub dostarcza rzeczy inne ni\u017c cz\u0119\u015bci zamienne niezb\u0119dne do wykonania naprawy lub konserwacji, prawo odst\u0105pienia od umowy przys\u0142uguje Klientowi w odniesieniu do dodatkowych us\u0142ug lub rzeczy);<\/p>\n<\/li>\n<li>\n<p align=\"justify\">dostarczanie dziennik\u00f3w, periodyk\u00f3w lub czasopism, z wyj\u0105tkiem umowy o prenumerat\u0119;<\/p>\n<\/li>\n<li>\n<p align=\"justify\">zawartej w drodze aukcji publicznej;<\/p>\n<\/li>\n<li>\n<p align=\"justify\">\u015bwiadczenie us\u0142ug w zakresie zakwaterowania, innych ni\u017c do cel\u00f3w mieszkalnych, przewozu rzeczy, najmu samochod\u00f3w, gastronomii, us\u0142ug zwi\u0105zanych z wypoczynkiem, wydarzeniami rozrywkowymi, sportowymi lub kulturalnymi, je\u017celi w umowie oznaczono dzie\u0144 lub okres \u015bwiadczenia us\u0142ugi.<\/p>\n<\/li>\n<\/ul>\n<p align=\"justify\">9. Prawo odst\u0105pienia od umowy bez podawania przyczyny nie przys\u0142uguje Klientowi nie b\u0119d\u0105cemu konsumentem.<\/p>\n<p align=\"justify\">10. Klient ponosi odpowiedzialno\u015b\u0107 za zmniejszenie warto\u015bci rzeczy, b\u0119d\u0105ce wynikiem korzystania z niej w spos\u00f3b wykraczaj\u0105cy poza konieczny do stwierdzenia charakteru, cech i funkcjonowania rzeczy.<\/p>\n<p align=\"center\">\u00a78<\/p>\n<p align=\"center\"><b>Ochrona prywatno\u015bci<\/b><\/p>\n<p align=\"justify\">1. Sk\u0142adaj\u0105c zam\u00f3wienie, Klient wyra\u017ca zgod\u0119 na przetwarzanie jego danych osobowych wy\u0142\u0105cznie w celu realizacji zam\u00f3wienia.<\/p>\n<p align=\"justify\">2. Przetwarzanie danych osobowych odbywa si\u0119 zgodnie z Ustaw\u0105 z dn. 29 sierpnia 1997 r. o ochronie danych osobowych (Dz.U. z 2002 r. Nr 101, poz. 926 z p\u00f3\u017aniejszymi zmianami).<\/p>\n<p align=\"justify\">3. Klient ma prawo dost\u0119pu do swoich danych osobowych oraz ich poprawiania, \u017c\u0105dania zaprzestania ich przetwarzania oraz sprzeciwu wobec ich przetwarzania.<\/p>\n<p align=\"center\">\u00a79<\/p>\n<p align=\"center\"><b>\u015arodki techniczne<\/b><\/p>\n<p align=\"justify\">1. W celu korzystania ze Sklepu, w tym przegl\u0105dania asortymentu i sk\u0142adania zam\u00f3wie\u0144 na produkty, niezb\u0119dne jest:<\/p>\n<p align=\"justify\">a) urz\u0105dzenie ko\u0144cowe (np. komputer, tablet, smartphone) z dost\u0119pem do sieci Internet i przegl\u0105dark\u0105 internetow\u0105 typu Internet Explorer, Google Chrome, Mozilla Firefox, Opera, Safari;<\/p>\n<p align=\"justify\">b) aktywne konto poczty elektronicznej (e-mail);<\/p>\n<p align=\"justify\">c) w\u0142\u0105czona obs\u0142uga skrypt\u00f3w Java;<\/p>\n<p align=\"justify\">d) akceptacja wykorzystywania plik\u00f3w cookies (wymagane w celu z\u0142o\u017cenia zam\u00f3wienia).<\/p>\n<p align=\"center\">\u00a710<\/p>\n<p align=\"center\"><b>Wej\u015bcie w \u017cycie i zmiany Regulaminu<\/b><\/p>\n<p align=\"justify\">1. Regulamin wchodzi w \u017cycie z dniem publikacji na stronie internetowej Sklepu.<\/p>\n<p align=\"justify\">2. Niniejszy Regulamin mo\u017ce zosta\u0107 zmieniony.<\/p>\n<p align=\"justify\">3. Zmiany Regulaminu zostan\u0105 opublikowane na stronie Sklepu.<\/p>\n<p align=\"justify\">4. Zmiany Regulaminu wchodz\u0105 w \u017cycie po up\u0142ywie 14 dni od dnia ich publikacji w spos\u00f3b okre\u015blony w ust. 3.<\/p>\n<p align=\"justify\">5. W sprawach nieuregulowanych postanowieniami niniejszego Regulaminu w\u0142a\u015bciwe jest prawo polskie.<\/p>\t\t\t\t\t\t\t\t<\/div>\n\t\t\t\t<\/div>\n\t\t\t\t\t<\/div>\n\t\t<\/div>\n\t\t\t\t\t<\/div>\n\t\t<\/section>\n\t\t\t\t<\/div>\n\t\t","protected":false},"excerpt":{"rendered":"<p>REGULAMIN \u00a71 Okre\u015blenie Sprzedawcy 1. Sprzedawc\u0105 w Sklepie w sklepie dost\u0119pnym w domenie&nbsp;arttrade.biz.pl\/sklep&nbsp;jest:Art-Trade Marlena Fluderz siedzib\u0105 przy ul. Orzechowa 24, 63-400 Ostr\u00f3w WlkpNIP:&nbsp;6221206513REGON:&nbsp;301118958Tel. +48 722167976E-mail: biuro@arttrade.biz.pl \u00a72 Postanowienia og\u00f3lne 1. Sprzedawc\u0105 w Sklepie Art-Trade Marlena Fluder [dalej Sklep] prowadzi sprzeda\u017c detaliczn\u0105 za po\u015brednictwem domeny&nbsp;http:\/\/arttrade.biz.pl\/sklep&nbsp;na podstawie niniejszego Regulaminu [dalej Regulamin]. 2. Klientem [dalej Klient] mo\u017ce by\u0107: [&hellip;]<\/p>\n","protected":false},"author":1,"featured_media":0,"parent":0,"menu_order":0,"comment_status":"closed","ping_status":"closed","template":"","meta":{"site-sidebar-layout":"no-sidebar","site-content-layout":"page-builder","ast-site-content-layout":"default","site-content-style":"default","site-sidebar-style":"default","ast-global-header-display":"","ast-banner-title-visibility":"","ast-main-header-display":"","ast-hfb-above-header-display":"","ast-hfb-below-header-display":"","ast-hfb-mobile-header-display":"","site-post-title":"disabled","ast-breadcrumbs-content":"","ast-featured-img":"disabled","footer-sml-layout":"","ast-disable-related-posts":"","theme-transparent-header-meta":"default","adv-header-id-meta":"","stick-header-meta":"","header-above-stick-meta":"","header-main-stick-meta":"","header-below-stick-meta":"","astra-migrate-meta-layouts":"default","ast-page-background-enabled":"default","ast-page-background-meta":{"desktop":{"background-color":"","background-image":"","background-repeat":"repeat","background-position":"center center","background-size":"auto","background-attachment":"scroll","background-type":"","background-media":"","overlay-type":"","overlay-color":"","overlay-opacity":"","overlay-gradient":""},"tablet":{"background-color":"","background-image":"","background-repeat":"repeat","background-position":"center center","background-size":"auto","background-attachment":"scroll","background-type":"","background-media":"","overlay-type":"","overlay-color":"","overlay-opacity":"","overlay-gradient":""},"mobile":{"background-color":"","background-image":"","background-repeat":"repeat","background-position":"center center","background-size":"auto","background-attachment":"scroll","background-type":"","background-media":"","overlay-type":"","overlay-color":"","overlay-opacity":"","overlay-gradient":""}},"ast-content-background-meta":{"desktop":{"background-color":"var(--ast-global-color-5)","background-image":"","background-repeat":"repeat","background-position":"center center","background-size":"auto","background-attachment":"scroll","background-type":"","background-media":"","overlay-type":"","overlay-color":"","overlay-opacity":"","overlay-gradient":""},"tablet":{"background-color":"var(--ast-global-color-5)","background-image":"","background-repeat":"repeat","background-position":"center center","background-size":"auto","background-attachment":"scroll","background-type":"","background-media":"","overlay-type":"","overlay-color":"","overlay-opacity":"","overlay-gradient":""},"mobile":{"background-color":"var(--ast-global-color-5)","background-image":"","background-repeat":"repeat","background-position":"center center","background-size":"auto","background-attachment":"scroll","background-type":"","background-media":"","overlay-type":"","overlay-color":"","overlay-opacity":"","overlay-gradient":""}},"footnotes":""},"yst_prominent_words":[],"class_list":["post-468","page","type-page","status-publish","hentry"],"_links":{"self":[{"href":"https:\/\/arttrade.biz.pl\/sklep\/wp-json\/wp\/v2\/pages\/468","targetHints":{"allow":["GET"]}}],"collection":[{"href":"https:\/\/arttrade.biz.pl\/sklep\/wp-json\/wp\/v2\/pages"}],"about":[{"href":"https:\/\/arttrade.biz.pl\/sklep\/wp-json\/wp\/v2\/types\/page"}],"author":[{"embeddable":true,"href":"https:\/\/arttrade.biz.pl\/sklep\/wp-json\/wp\/v2\/users\/1"}],"replies":[{"embeddable":true,"href":"https:\/\/arttrade.biz.pl\/sklep\/wp-json\/wp\/v2\/comments?post=468"}],"version-history":[{"count":12,"href":"https:\/\/arttrade.biz.pl\/sklep\/wp-json\/wp\/v2\/pages\/468\/revisions"}],"predecessor-version":[{"id":1420,"href":"https:\/\/arttrade.biz.pl\/sklep\/wp-json\/wp\/v2\/pages\/468\/revisions\/1420"}],"wp:attachment":[{"href":"https:\/\/arttrade.biz.pl\/sklep\/wp-json\/wp\/v2\/media?parent=468"}],"wp:term":[{"taxonomy":"yst_prominent_words","embeddable":true,"href":"https:\/\/arttrade.biz.pl\/sklep\/wp-json\/wp\/v2\/yst_prominent_words?post=468"}],"curies":[{"name":"wp","href":"https:\/\/api.w.org\/{rel}","templated":true}]}}