{"id":3,"date":"2020-04-10T13:23:52","date_gmt":"2020-04-10T11:23:52","guid":{"rendered":"https:\/\/arttrade.biz.pl\/sklep\/?page_id=3"},"modified":"2025-04-11T14:31:59","modified_gmt":"2025-04-11T12:31:59","slug":"polityka-prywatnosci","status":"publish","type":"page","link":"https:\/\/arttrade.biz.pl\/sklep\/polityka-prywatnosci\/","title":{"rendered":"Polityka prywatno\u015bci"},"content":{"rendered":"\t\t<div data-elementor-type=\"wp-page\" data-elementor-id=\"3\" class=\"elementor elementor-3\" data-elementor-post-type=\"page\">\n\t\t\t\t\t\t<section class=\"elementor-section elementor-top-section elementor-element elementor-element-7a5f65d0 elementor-section-boxed elementor-section-height-default elementor-section-height-default\" data-id=\"7a5f65d0\" data-element_type=\"section\" data-e-type=\"section\" data-settings=\"{&quot;jet_parallax_layout_list&quot;:[]}\">\n\t\t\t\t\t\t<div class=\"elementor-container elementor-column-gap-default\">\n\t\t\t\t\t<div class=\"elementor-column elementor-col-100 elementor-top-column elementor-element elementor-element-51923015\" data-id=\"51923015\" data-element_type=\"column\" data-e-type=\"column\">\n\t\t\t<div class=\"elementor-widget-wrap elementor-element-populated\">\n\t\t\t\t\t\t<div class=\"elementor-element elementor-element-2720ed41 elementor-widget elementor-widget-text-editor\" data-id=\"2720ed41\" data-element_type=\"widget\" data-e-type=\"widget\" data-widget_type=\"text-editor.default\">\n\t\t\t\t<div class=\"elementor-widget-container\">\n\t\t\t\t\t\t\t\t\t<h2>Jaka jest podstawa prawna przetwarzania Twoich danych osobowych?<\/h2>\n<p><!-- \/wp:heading --><!-- wp:paragraph --><\/p>\n<p>Podstaw\u0105 prawn\u0105 przetwarzania Twoich danych osobowych jest Twoja dobrowolna zgoda na przetwarzanie danych, w tym na cele analityczne (art. 6 ust. 1 lit. a) RODO).<\/p>\n<p><!-- \/wp:paragraph --><!-- wp:paragraph --><\/p>\n<p>W odniesieniu do us\u0142ug www.arttrade.biz.pl\/sklep, Twoje dane b\u0119d\u0105 przetwarzane na podstawie art. 6 ust. 1 lit b) RODO (jest to niezb\u0119dne do wykonania umowy, kt\u00f3rej stron\u0105 jest osoba, kt\u00f3rej dane dotycz\u0105).<\/p>\n<p><!-- \/wp:paragraph --><!-- wp:paragraph --><\/p>\n<p>Je\u017celi chodzi o wykrywanie bot\u00f3w i nadu\u017cy\u0107 oraz pomiary statystyczne i udoskonalenie us\u0142ugi, Twoje dane b\u0119d\u0105 przetwarzane na podstawie art. 6 ust. 1 lit. f) RODO (uzasadniony interes administratora). Uzasadnionym interesem administratora jest dopasowanie tre\u015bci us\u0142ug zlokalizowanych na stronach www.sklep.arttrade.biz.pl do Twoich potrzeb, zapewnienie bezpiecze\u0144stwa tych us\u0142ug, a tak\u017ce ich ci\u0105g\u0142e udoskonalanie.\u00a0<\/p>\n<p><!-- \/wp:paragraph --><!-- wp:heading --><\/p>\n<h2>Jakie s\u0105 Twoje prawa zwi\u0105zane z przetwarzaniem danych osobowych?<\/h2>\n<p><!-- \/wp:heading --><!-- wp:paragraph --><\/p>\n<p>Przys\u0142uguj\u0105 Ci nast\u0119puj\u0105ce prawa w zwi\u0105zku z przetwarzaniem przez Nas Twoich danych osobowych:<\/p>\n<p><!-- \/wp:paragraph --><!-- wp:list --><\/p>\n<ul>\n<li>prawo dost\u0119pu do Twoich danych, w tym uzyskania kopii danych,<\/li>\n<li>prawo \u017c\u0105dania sprostowania danych<\/li>\n<li>prawo do usuni\u0119cia danych (w okre\u015blonych sytuacjach),<\/li>\n<li>prawo wniesienia skargi do organu nadzorczego zajmuj\u0105cego si\u0119 ochron\u0105 danych osobowych,<\/li>\n<li>prawo do ograniczenia przetwarzania danych.<\/li>\n<\/ul>\n<p><!-- \/wp:list --><!-- wp:paragraph --><\/p>\n<p>Je\u017celi Twoje dane s\u0105 przetwarzane na podstawie zgody lub w ramach \u015bwiadczonej us\u0142ugi (dane s\u0105 niezb\u0119dne w celu \u015bwiadczenia us\u0142ugi) mo\u017cesz dodatkowo skorzysta\u0107 z poni\u017cszych praw:<\/p>\n<p><!-- \/wp:paragraph --><!-- wp:list --><\/p>\n<ul>\n<li>prawo do wycofania zgody w zakresie w jakim s\u0105 przetwarzane na tej podstawie. Wycofanie zgody nie ma wp\u0142ywu na zgodno\u015b\u0107 z prawem przetwarzania, kt\u00f3rego dokonano na podstawie zgody przed jej wycofaniem.<\/li>\n<li>prawo do przenoszenia danych osobowych, tj. do otrzymania od administratora Twoich danych osobowych, w ustrukturyzowanym, powszechnie u\u017cywanym formacie nadaj\u0105cym si\u0119 do odczytu maszynowego. Mo\u017cesz przes\u0142a\u0107 te dane innemu administratorowi danych.<\/li>\n<\/ul>\n<p><!-- \/wp:list --><!-- wp:paragraph --><\/p>\n<p>Je\u017celi Twoje dane przetwarzane s\u0105 w oparciu o uzasadniony interes administratora danych, przys\u0142uguje Ci prawo wniesienia sprzeciwu wobec takiego przetwarzania.<\/p>\n<p><!-- \/wp:paragraph --><!-- wp:paragraph --><\/p>\n<p>W celu skorzystania z powy\u017cszych praw nale\u017cy skontaktowa\u0107 si\u0119 z administratorem danych: <a href=\"mailto:sklep@arttrade.biz.pl\">sklep@arttrade.biz.pl<\/a><\/p>\n<p><!-- \/wp:paragraph --><!-- wp:heading --><\/p>\n<h2>Jakie dane o Tobie zbieramy?<\/h2>\n<p><!-- \/wp:heading --><!-- wp:paragraph --><\/p>\n<p><strong>Dane zbierane podczas rejestracji<\/strong><\/p>\n<p><!-- \/wp:paragraph --><!-- wp:paragraph --><\/p>\n<p>Aby\u015b m\u00f3g\u0142 skorzysta\u0107 z niekt\u00f3rych funkcji naszego sklepu, b\u0119dziesz musia\u0142 si\u0119 zarejestrowa\u0107. Podczas rejestracji zapytamy Ci\u0119 o Tw\u00f3j adres e-mail oraz has\u0142o, jakiego b\u0119dziesz u\u017cywa\u0142 na naszej witrynie, ponadto imi\u0119 i nazwisko, miejscowo\u015b\u0107, wojew\u00f3dztwo oraz kraj.<\/p>\n<p><!-- \/wp:paragraph --><!-- wp:paragraph --><\/p>\n<p><strong>Dane zbierane podczas zakupu produkt\u00f3w<\/strong><\/p>\n<p><!-- \/wp:paragraph --><!-- wp:paragraph --><\/p>\n<p>Zanim b\u0119dziesz m\u00f3g\u0142 kupi\u0107 nasze produkty zapytamy Ci\u0119 o: imi\u0119 i nazwisko, nazw\u0119 firmy, adres, miejscowo\u015b\u0107, NIP, tel. kontaktowy, adres e-mail oraz dane dotycz\u0105ce formy p\u0142atno\u015bci. Dane te s\u0105 zbierane w celu potwierdzenia zam\u00f3wienia, identyfikacji w naszym systemie oraz wystawienia faktury VAT.<\/p>\n<p><!-- \/wp:paragraph --><!-- wp:paragraph --><\/p>\n<p>Rozliczenia transakcji kart\u0105 p\u0142atnicz\u0105 i e-przelewem s\u0105 wykonywane za po\u015brednictwem<strong> przelewy24.p<\/strong><strong>l<\/strong><\/p>\n<p><!-- \/wp:paragraph --><!-- wp:paragraph --><\/p>\n<p><strong>Dane zbierane automatycznie<\/strong><\/p>\n<p><!-- \/wp:paragraph --><!-- wp:paragraph --><\/p>\n<p>Podczas Twojej wizyty na naszej stronie internetowej, automatycznie zbierane s\u0105 dane dotycz\u0105ce Twojej wizyty, np. Tw\u00f3j adres IP, nazwa domeny, typ przegl\u0105darki, typ systemu operacyjnego itp.<\/p>\n<p><!-- \/wp:paragraph --><!-- wp:paragraph --><\/p>\n<p>Gdy kontaktujesz si\u0119 z nami za pomoc\u0105 strony internetowej, telefonu, poczty e-mail itp., przekazujesz nam swoje dane osobowe, np. imi\u0119, nazwisko, adres e-mail itp.<\/p>\n<p><!-- \/wp:paragraph --><!-- wp:heading --><\/p>\n<h2>W jaki spos\u00f3b wykorzystujemy Twoje dane?<\/h2>\n<p><!-- \/wp:heading --><!-- wp:paragraph --><\/p>\n<p>W \u017cadnym wypadku nie sprzedajemy i nie b\u0119dziemy sprzedawali danych zebranych o Tobie podmiotom trzecim.<\/p>\n<p><!-- \/wp:paragraph --><!-- wp:paragraph --><\/p>\n<p>Dane zbierane podczas rejestracji b\u0119d\u0105 wykorzystane wy\u0142\u0105cznie do umo\u017cliwienia Tobie zalogowania si\u0119 do naszego sklepu. Rejestracja nie jest obowi\u0105zkowa.<\/p>\n<p><!-- \/wp:paragraph --><!-- wp:paragraph --><\/p>\n<p>Dane zbierane podczas transakcji zakupu b\u0119d\u0105 wykorzystane w celu realizacji transakcji, w tym pobrania od Ciebie pieni\u0119dzy. Twoje dane mog\u0105 by\u0107 w tym celu przekazane firmie obs\u0142uguj\u0105cej transakcje p\u0142atnicze. Firma ta nie b\u0119dzie wykorzystywa\u0107 tych danych w \u017cadnym innym celu.<\/p>\n<p><!-- \/wp:paragraph --><!-- wp:paragraph --><\/p>\n<p>Je\u017celi zapisa\u0142e\u015b si\u0119 do naszego Newslettera, lub w inny spos\u00f3b wyrazi\u0142e\u015b zgod\u0119 na jego otrzymywanie, wykorzystamy Twoje dane w celu wys\u0142ania Ci go.<\/p>\n<p><!-- \/wp:paragraph --><!-- wp:paragraph --><\/p>\n<p>Dane zbierane automatycznie mog\u0105 by\u0107 u\u017cyte do analizy zachowa\u0144 u\u017cytkownik\u00f3w na naszej stronie internetowej oraz do personalizacji zawarto\u015bci naszych stron internetowych. Dane te s\u0105 zbierane automatycznie o ka\u017cdym u\u017cytkowniku.<\/p>\n<p><!-- \/wp:paragraph --><!-- wp:paragraph --><\/p>\n<p>Dane zbierane w trakcie korespondencji pomi\u0119dzy Tob\u0105 a naszym sklepem b\u0119d\u0105 wykorzystane wy\u0142\u0105cznie w celu odpowiedzi na Twoje zapytanie.<\/p>\n<p><!-- \/wp:paragraph --><!-- wp:paragraph --><\/p>\n<p>W przypadku kontroli Generalnego Inspektoratu Ochrony Danych Osobowych, Twoje dane mog\u0105 zosta\u0107 udost\u0119pnione pracownikom Inspektoratu, zgodnie z ustaw\u0105 o ochronie danych osobowych.<\/p>\n<p><!-- \/wp:paragraph --><!-- wp:paragraph --><\/p>\n<p>W przypadku naruszenia Regulaminu naszego sklepu, naruszenia prawa lub gdy b\u0119d\u0105 wymaga\u0142y tego przepisy, mo\u017cemy udost\u0119pni\u0107 Twoje dane organom wymiaru sprawiedliwo\u015bci.<\/p>\n<p><!-- \/wp:paragraph --><!-- wp:paragraph --><\/p>\n<p>Przetwarzamy dane osobowe wy\u0142\u0105cznie przez czas niezb\u0119dny dla realizacji zamierzonych cel\u00f3w.<\/p>\n<p><!-- \/wp:paragraph --><!-- wp:heading --><\/p>\n<h2>W jaki spos\u00f3b b\u0119dziemy si\u0119 z Tob\u0105 kontaktowa\u0107?<\/h2>\n<p><!-- \/wp:heading --><!-- wp:paragraph --><\/p>\n<p>Je\u017celi zapisa\u0142e\u015b si\u0119 do Newslettera czy dokona\u0142e\u015b transakcji, mo\u017cesz otrzyma\u0107 od nas wiadomo\u015bci e-mail dotycz\u0105ce Twoich dzia\u0142a\u0144. Mo\u017cemy r\u00f3wnie\u017c kontaktowa\u0107 si\u0119 z Tob\u0105 telefonicznie, je\u017celi b\u0119dziemy mieli wa\u017cne informacje dotycz\u0105ce Twoich dzia\u0142a\u0144.\u00a0<\/p>\n<p><!-- \/wp:paragraph --><!-- wp:heading --><\/p>\n<h2>W jaki spos\u00f3b mo\u017cesz poinformowa\u0107 nas o zmianie danych?<\/h2>\n<p><!-- \/wp:heading --><!-- wp:paragraph --><\/p>\n<p>Po zalogowaniu si\u0119 i wybraniu sekcji &#8222;Edytuj profil&#8221;, mo\u017cesz wprowadzi\u0107 zmiany swoich danych osobowych zbieranych podczas rejestracji i u\u017cywanych do zalogowania si\u0119 do systemu i wysy\u0142ki Newslettera. Danych u\u017cytych do transakcji zakupu (Historia zam\u00f3wie\u0144) nie mo\u017cna zmieni\u0107, ani usun\u0105\u0107, gdy\u017c s\u0105 one cz\u0119\u015bci\u0105 rachunku lub faktury. Danych zbieranych automatycznie nie da si\u0119 zmieni\u0107 lub usun\u0105\u0107. Aby usun\u0105\u0107 swoje dane nale\u017cy skontaktowa\u0107 si\u0119 z nami pod adresem sklep@arttrade.biz.pl<\/p>\n<p><!-- \/wp:paragraph --><!-- wp:heading --><\/p>\n<h2>W jaki spos\u00f3b zabezpieczamy Twoje dane osobowe?<\/h2>\n<p><!-- \/wp:heading --><!-- wp:paragraph --><\/p>\n<p>Administrator dok\u0142ada wszelkich stara\u0144, aby zapewni\u0107 wszelkie \u015brodki fizycznej, technicznej i organizacyjnej ochrony danych osobowych przed ich przypadkowym czy umy\u015blnym zniszczeniem, przypadkow\u0105 utrat\u0105, zmian\u0105, nieuprawnionym ujawnieniem, wykorzystaniem czy dost\u0119pem, zgodnie ze wszystkimi obowi\u0105zuj\u0105cymi przepisami. Zar\u00f3wno proces gromadzenia danych, jak i bazy danych je przechowuj\u0105ce, zabezpieczone s\u0105 przed wgl\u0105dem os\u00f3b trzecich.<\/p>\n<p><!-- \/wp:paragraph --><!-- wp:heading --><\/p>\n<h2>Zmiany naszej polityki prywatno\u015bci.<\/h2>\n<p><!-- \/wp:heading --><!-- wp:paragraph --><\/p>\n<p>Zastrzegamy sobie prawo zmiany powy\u017cszej polityki prywatno\u015bci poprzez opublikowanie nowych zasad na tej stronie.<\/p>\n<p><!-- \/wp:paragraph --><!-- wp:paragraph --><\/p>\n<p>W razie dodatkowych pyta\u0144 dotycz\u0105cych ochrony prywatno\u015bci, prosimy o kontakt.\u00a0<\/p>\n<p><!-- \/wp:paragraph --><!-- wp:paragraph --><\/p>\n<p>W celu skorzystania z powy\u017cszych praw nale\u017cy skontaktowa\u0107 si\u0119 z administratorem danych: <a href=\"mailto:sklep@arttrade.biz.pl\">sklep@arttrade.biz.pl<\/a><\/p>\n<p><!-- \/wp:paragraph --><!-- wp:paragraph --><\/p>\n<p>Korzystaj\u0105c ze strony internetowej sklep.arttrade.biz.pl jak i z funkcji Serwisu, wyra\u017casz zgod\u0119 na postanowienia zawarte w niniejszej Polityce Prywatno\u015bci, kt\u00f3ra jest nieod\u0142\u0105cznym elementem Regulaminu.<\/p>\n<p><!-- \/wp:paragraph --><!-- wp:heading --><\/p>\n<h2>W\u0142a\u015bciciel sklepu sklep.arttrade.biz.pl:<\/h2>\n<p><!-- \/wp:heading --><!-- wp:paragraph --><\/p>\n<p>ARTTRADE Marlena Fluder<br \/>ul. Przymiejska 22<br \/>63-400 Ostr\u00f3w Wlkp.<\/p>\n<h3><strong>Kto jest administratorem Twoich danych osobowych?<\/strong><\/h3>\n<div>\n<div>\n<div>\n<div>\n<div>Administratorem Twoich danych osobowych jest\u00a0<strong>Art-Trade Marlena Fluder<\/strong><\/div>\n<div>z siedzib\u0105 przy ul. Orzechowa 24, 63-400 Ostr\u00f3w Wielkopolski<\/div>\n<div>NIP:\u00a0<span lang=\"en-us\">6221206513<br \/><\/span>REGON:\u00a0<span lang=\"en-us\">301118958<\/span><span lang=\"en-us\"><br \/><\/span>Tel. +<span lang=\"en-us\">48 722167976<br \/><\/span>E-mail: biuro@arttrade.biz.pl\u00a0 \u00a0 \u00a0 \u00a0\u00a0<\/div>\n<\/div>\n<\/div>\n<\/div>\n<\/div>\n<p><!-- \/wp:paragraph --><\/p>\t\t\t\t\t\t\t\t<\/div>\n\t\t\t\t<\/div>\n\t\t\t\t\t<\/div>\n\t\t<\/div>\n\t\t\t\t\t<\/div>\n\t\t<\/section>\n\t\t\t\t<\/div>\n\t\t","protected":false},"excerpt":{"rendered":"<p>Jaka jest podstawa prawna przetwarzania Twoich danych osobowych? Podstaw\u0105 prawn\u0105 przetwarzania Twoich danych osobowych jest Twoja dobrowolna zgoda na przetwarzanie danych, w tym na cele analityczne (art. 6 ust. 1 lit. a) RODO). W odniesieniu do us\u0142ug www.arttrade.biz.pl\/sklep, Twoje dane b\u0119d\u0105 przetwarzane na podstawie art. 6 ust. 1 lit b) RODO (jest to niezb\u0119dne do [&hellip;]<\/p>\n","protected":false},"author":1,"featured_media":0,"parent":0,"menu_order":0,"comment_status":"closed","ping_status":"open","template":"elementor_header_footer","meta":{"site-sidebar-layout":"default","site-content-layout":"default","ast-site-content-layout":"default","site-content-style":"default","site-sidebar-style":"default","ast-global-header-display":"","ast-banner-title-visibility":"","ast-main-header-display":"","ast-hfb-above-header-display":"","ast-hfb-below-header-display":"","ast-hfb-mobile-header-display":"","site-post-title":"","ast-breadcrumbs-content":"","ast-featured-img":"","footer-sml-layout":"","ast-disable-related-posts":"","theme-transparent-header-meta":"default","adv-header-id-meta":"","stick-header-meta":"","header-above-stick-meta":"","header-main-stick-meta":"","header-below-stick-meta":"","astra-migrate-meta-layouts":"default","ast-page-background-enabled":"default","ast-page-background-meta":{"desktop":{"background-color":"","background-image":"","background-repeat":"repeat","background-position":"center center","background-size":"auto","background-attachment":"scroll","background-type":"","background-media":"","overlay-type":"","overlay-color":"","overlay-opacity":"","overlay-gradient":""},"tablet":{"background-color":"","background-image":"","background-repeat":"repeat","background-position":"center center","background-size":"auto","background-attachment":"scroll","background-type":"","background-media":"","overlay-type":"","overlay-color":"","overlay-opacity":"","overlay-gradient":""},"mobile":{"background-color":"","background-image":"","background-repeat":"repeat","background-position":"center center","background-size":"auto","background-attachment":"scroll","background-type":"","background-media":"","overlay-type":"","overlay-color":"","overlay-opacity":"","overlay-gradient":""}},"ast-content-background-meta":{"desktop":{"background-color":"var(--ast-global-color-5)","background-image":"","background-repeat":"repeat","background-position":"center center","background-size":"auto","background-attachment":"scroll","background-type":"","background-media":"","overlay-type":"","overlay-color":"","overlay-opacity":"","overlay-gradient":""},"tablet":{"background-color":"var(--ast-global-color-5)","background-image":"","background-repeat":"repeat","background-position":"center center","background-size":"auto","background-attachment":"scroll","background-type":"","background-media":"","overlay-type":"","overlay-color":"","overlay-opacity":"","overlay-gradient":""},"mobile":{"background-color":"var(--ast-global-color-5)","background-image":"","background-repeat":"repeat","background-position":"center center","background-size":"auto","background-attachment":"scroll","background-type":"","background-media":"","overlay-type":"","overlay-color":"","overlay-opacity":"","overlay-gradient":""}},"footnotes":""},"yst_prominent_words":[117,119,114,102,106,99,101,116,100,112,108,98,113,109,105,104,115,103,107,110],"class_list":["post-3","page","type-page","status-publish","hentry"],"_links":{"self":[{"href":"https:\/\/arttrade.biz.pl\/sklep\/wp-json\/wp\/v2\/pages\/3","targetHints":{"allow":["GET"]}}],"collection":[{"href":"https:\/\/arttrade.biz.pl\/sklep\/wp-json\/wp\/v2\/pages"}],"about":[{"href":"https:\/\/arttrade.biz.pl\/sklep\/wp-json\/wp\/v2\/types\/page"}],"author":[{"embeddable":true,"href":"https:\/\/arttrade.biz.pl\/sklep\/wp-json\/wp\/v2\/users\/1"}],"replies":[{"embeddable":true,"href":"https:\/\/arttrade.biz.pl\/sklep\/wp-json\/wp\/v2\/comments?post=3"}],"version-history":[{"count":12,"href":"https:\/\/arttrade.biz.pl\/sklep\/wp-json\/wp\/v2\/pages\/3\/revisions"}],"predecessor-version":[{"id":1426,"href":"https:\/\/arttrade.biz.pl\/sklep\/wp-json\/wp\/v2\/pages\/3\/revisions\/1426"}],"wp:attachment":[{"href":"https:\/\/arttrade.biz.pl\/sklep\/wp-json\/wp\/v2\/media?parent=3"}],"wp:term":[{"taxonomy":"yst_prominent_words","embeddable":true,"href":"https:\/\/arttrade.biz.pl\/sklep\/wp-json\/wp\/v2\/yst_prominent_words?post=3"}],"curies":[{"name":"wp","href":"https:\/\/api.w.org\/{rel}","templated":true}]}}