{"id":1707,"date":"2026-03-11T15:03:35","date_gmt":"2026-03-11T14:03:35","guid":{"rendered":"https:\/\/arttrade.biz.pl\/sklep\/?page_id=1707"},"modified":"2026-03-11T15:39:15","modified_gmt":"2026-03-11T14:39:15","slug":"oferta","status":"publish","type":"page","link":"https:\/\/arttrade.biz.pl\/sklep\/oferta\/","title":{"rendered":"Oferta"},"content":{"rendered":"<div class=\"woocommerce columns-4\"><ul class=\"products columns-4\">\n<li class=\"product-category product first\">\n\t<a aria-label=\"Przejd\u017a do kategorii produktu Fronius - systemy \u0142adowania akumulator\u00f3w\" href=\"https:\/\/arttrade.biz.pl\/sklep\/kategoria-produktu\/oferta\/systemy-ladowania-akumulatorow\/\"><img fetchpriority=\"high\" decoding=\"async\" src=\"https:\/\/arttrade.biz.pl\/sklep\/wp-content\/uploads\/2022\/11\/PC_PIC_Selcetiva_grouppicture_transparent-300x300.png\" alt=\"Fronius - systemy \u0142adowania akumulator\u00f3w\" width=\"300\" height=\"300\" srcset=\"https:\/\/arttrade.biz.pl\/sklep\/wp-content\/uploads\/2022\/11\/PC_PIC_Selcetiva_grouppicture_transparent-300x300.png 300w, https:\/\/arttrade.biz.pl\/sklep\/wp-content\/uploads\/2022\/11\/PC_PIC_Selcetiva_grouppicture_transparent-150x150.png 150w, https:\/\/arttrade.biz.pl\/sklep\/wp-content\/uploads\/2022\/11\/PC_PIC_Selcetiva_grouppicture_transparent-100x100.png 100w, https:\/\/arttrade.biz.pl\/sklep\/wp-content\/uploads\/2022\/11\/PC_PIC_Selcetiva_grouppicture_transparent-1536x1536.png 1536w, https:\/\/arttrade.biz.pl\/sklep\/wp-content\/uploads\/2022\/11\/PC_PIC_Selcetiva_grouppicture_transparent-2048x2048.png 2048w, https:\/\/arttrade.biz.pl\/sklep\/wp-content\/uploads\/2022\/11\/PC_PIC_Selcetiva_grouppicture_transparent-1024x1024.png 1024w\" sizes=\"(max-width: 300px) 100vw, 300px\" \/>\t\t<h2 class=\"woocommerce-loop-category__title\">\n\t\t\tFronius - systemy \u0142adowania akumulator\u00f3w<mark class=\"count\">45 produkt\u00f3w<\/mark>\t\t<\/h2>\n\t\t<\/a><\/li>\n<li class=\"product-category product\">\n\t<a aria-label=\"Przejd\u017a do kategorii produktu RAM Mount \u2013 Systemy Monta\u017cowe i Akcesoria\" href=\"https:\/\/arttrade.biz.pl\/sklep\/kategoria-produktu\/oferta\/ram-systemy-montazowe-akcesoria\/\"><img decoding=\"async\" src=\"https:\/\/arttrade.biz.pl\/sklep\/wp-content\/uploads\/woocommerce-placeholder-300x300.png\" alt=\"RAM Mount \u2013 Systemy Monta\u017cowe i Akcesoria\" width=\"300\" height=\"300\" \/>\t\t<h2 class=\"woocommerce-loop-category__title\">\n\t\t\tRAM Mount \u2013 Systemy Monta\u017cowe i Akcesoria<mark class=\"count\">37 produkt\u00f3w<\/mark>\t\t<\/h2>\n\t\t<\/a><\/li>\n<\/ul>\n<\/div>\n","protected":false},"excerpt":{"rendered":"","protected":false},"author":2,"featured_media":0,"parent":0,"menu_order":0,"comment_status":"closed","ping_status":"closed","template":"","meta":{"site-sidebar-layout":"default","site-content-layout":"","ast-site-content-layout":"default","site-content-style":"default","site-sidebar-style":"default","ast-global-header-display":"","ast-banner-title-visibility":"","ast-main-header-display":"","ast-hfb-above-header-display":"","ast-hfb-below-header-display":"","ast-hfb-mobile-header-display":"","site-post-title":"","ast-breadcrumbs-content":"","ast-featured-img":"","footer-sml-layout":"","ast-disable-related-posts":"","theme-transparent-header-meta":"","adv-header-id-meta":"","stick-header-meta":"","header-above-stick-meta":"","header-main-stick-meta":"","header-below-stick-meta":"","astra-migrate-meta-layouts":"set","ast-page-background-enabled":"default","ast-page-background-meta":{"desktop":{"background-color":"","background-image":"","background-repeat":"repeat","background-position":"center center","background-size":"auto","background-attachment":"scroll","background-type":"","background-media":"","overlay-type":"","overlay-color":"","overlay-opacity":"","overlay-gradient":""},"tablet":{"background-color":"","background-image":"","background-repeat":"repeat","background-position":"center center","background-size":"auto","background-attachment":"scroll","background-type":"","background-media":"","overlay-type":"","overlay-color":"","overlay-opacity":"","overlay-gradient":""},"mobile":{"background-color":"","background-image":"","background-repeat":"repeat","background-position":"center center","background-size":"auto","background-attachment":"scroll","background-type":"","background-media":"","overlay-type":"","overlay-color":"","overlay-opacity":"","overlay-gradient":""}},"ast-content-background-meta":{"desktop":{"background-color":"var(--ast-global-color-5)","background-image":"","background-repeat":"repeat","background-position":"center center","background-size":"auto","background-attachment":"scroll","background-type":"","background-media":"","overlay-type":"","overlay-color":"","overlay-opacity":"","overlay-gradient":""},"tablet":{"background-color":"var(--ast-global-color-5)","background-image":"","background-repeat":"repeat","background-position":"center center","background-size":"auto","background-attachment":"scroll","background-type":"","background-media":"","overlay-type":"","overlay-color":"","overlay-opacity":"","overlay-gradient":""},"mobile":{"background-color":"var(--ast-global-color-5)","background-image":"","background-repeat":"repeat","background-position":"center center","background-size":"auto","background-attachment":"scroll","background-type":"","background-media":"","overlay-type":"","overlay-color":"","overlay-opacity":"","overlay-gradient":""}},"footnotes":""},"yst_prominent_words":[],"class_list":["post-1707","page","type-page","status-publish","hentry"],"_links":{"self":[{"href":"https:\/\/arttrade.biz.pl\/sklep\/wp-json\/wp\/v2\/pages\/1707","targetHints":{"allow":["GET"]}}],"collection":[{"href":"https:\/\/arttrade.biz.pl\/sklep\/wp-json\/wp\/v2\/pages"}],"about":[{"href":"https:\/\/arttrade.biz.pl\/sklep\/wp-json\/wp\/v2\/types\/page"}],"author":[{"embeddable":true,"href":"https:\/\/arttrade.biz.pl\/sklep\/wp-json\/wp\/v2\/users\/2"}],"replies":[{"embeddable":true,"href":"https:\/\/arttrade.biz.pl\/sklep\/wp-json\/wp\/v2\/comments?post=1707"}],"version-history":[{"count":10,"href":"https:\/\/arttrade.biz.pl\/sklep\/wp-json\/wp\/v2\/pages\/1707\/revisions"}],"predecessor-version":[{"id":1723,"href":"https:\/\/arttrade.biz.pl\/sklep\/wp-json\/wp\/v2\/pages\/1707\/revisions\/1723"}],"wp:attachment":[{"href":"https:\/\/arttrade.biz.pl\/sklep\/wp-json\/wp\/v2\/media?parent=1707"}],"wp:term":[{"taxonomy":"yst_prominent_words","embeddable":true,"href":"https:\/\/arttrade.biz.pl\/sklep\/wp-json\/wp\/v2\/yst_prominent_words?post=1707"}],"curies":[{"name":"wp","href":"https:\/\/api.w.org\/{rel}","templated":true}]}}